{"id":745,"date":"2025-05-06T08:12:49","date_gmt":"2025-05-06T08:12:49","guid":{"rendered":"https:\/\/cicatricesdeucrania.com\/exposition\/"},"modified":"2025-06-18T14:29:59","modified_gmt":"2025-06-18T14:29:59","slug":"exposition","status":"publish","type":"page","link":"https:\/\/cicatricesdeucrania.com\/es\/exposition\/","title":{"rendered":"Exposition"},"content":{"rendered":"\t\t<div data-elementor-type=\"wp-page\" data-elementor-id=\"745\" class=\"elementor elementor-745 elementor-78\" data-elementor-post-type=\"page\">\n\t\t\t\t<div class=\"elementor-element elementor-element-7b8e427 e-flex e-con-boxed e-con e-parent\" data-id=\"7b8e427\" data-element_type=\"container\" data-e-type=\"container\">\n\t\t\t\t\t<div class=\"e-con-inner\">\n\t\t\t\t<div class=\"elementor-element elementor-element-6f31508 elementor-widget elementor-widget-heading\" data-id=\"6f31508\" data-element_type=\"widget\" data-e-type=\"widget\" data-widget_type=\"heading.default\">\n\t\t\t\t<div class=\"elementor-widget-container\">\n\t\t\t\t\t<h2 class=\"elementor-heading-title elementor-size-default\">CICATRICES\n<br>DE UCRANIA<\/h2>\t\t\t\t<\/div>\n\t\t\t\t<\/div>\n\t\t\t\t<div class=\"elementor-element elementor-element-a915284 elementor-widget-divider--view-line elementor-widget elementor-widget-divider\" data-id=\"a915284\" data-element_type=\"widget\" data-e-type=\"widget\" data-widget_type=\"divider.default\">\n\t\t\t\t<div class=\"elementor-widget-container\">\n\t\t\t\t\t\t\t<div class=\"elementor-divider\">\n\t\t\t<span class=\"elementor-divider-separator\">\n\t\t\t\t\t\t<\/span>\n\t\t<\/div>\n\t\t\t\t\t\t<\/div>\n\t\t\t\t<\/div>\n\t\t\t\t<div class=\"elementor-element elementor-element-e5b756f elementor-widget elementor-widget-text-editor\" data-id=\"e5b756f\" data-element_type=\"widget\" data-e-type=\"widget\" data-widget_type=\"text-editor.default\">\n\t\t\t\t<div class=\"elementor-widget-container\">\n\t\t\t\t\t\t\t\t\t<p>La guerra envenena tanto la realidad f\u00edsica como las representaciones simb\u00f3licas del espacio, no dejando tras de s\u00ed m\u00e1s que cenizas y ruinas oxidadas, lentamente digeridas por una tierra herida.<\/p><p>\u00abCicatrices de Ucrania \u00bb, el proyecto fotogr\u00e1fico de Daniel Beltr\u00e1 nacido de sus dos viajes por Ucrania entre 2023 y 2024, arroja una cruda luz sobre las cicatrices infligidas por la guerra.<\/p><p>Reconocido por su fotograf\u00eda a\u00e9rea y por su apasionado compromiso con medio<br>ambiente, el artista espa\u00f1ol trabaja por primera vez en el coraz\u00f3n de un conflicto armado:<br>la agresi\u00f3n rusa contra Ucrania. Desde su llegada, provisto de autorizaciones oficiales, se enfrenta a las duras realidades de una naci\u00f3n bajo ley marcial: toques de queda, restricciones de movimiento, puestos de control omnipresentes y la repentina prohibici\u00f3n de usar sus drones. As\u00ed, clavado en tierra y privado de la altitud que siempre ha guiado su mirada, se encuentra cara a cara ante una sociedad herida en su carne y en su tierra.<\/p><p>Forzado a tomar otro prisma, Daniel se centra a partir de ese momento en la observaci\u00f3n de los detalles y estigmas de la guerra. Ventanas de edificios residenciales hechas a\u00f1icos, casas reducidas a meros esqueletos, cr\u00e1teres abiertos por obuses, bosques ennegrecidos por las llamas, todos ellos representan l\u00edneas, texturas y materiales del vocabulario de la violencia.<\/p><p>A trav\u00e9s del objetivo de su c\u00e1mara, las ruinas se tornan en un lenguaje impuesto y brutal, abstracto y sin embargo profundamente real. Sus im\u00e1genes narran el pesado silencio del vac\u00edo f\u00edsico y mental que los combates dejan a su paso.<\/p><p>Con \u00abCicatrices de Ucrania \u00bb de Daniel Beltr\u00e1, la tierra ucraniana ya no es simplemente el escenario de los dramas humanos causados por la guerra, sino que es a la vez testigo y espejo del sufrimiento de su pueblo. Esta tierra humanizada, marcada con el sello de las cicatrices sufridas, toma as\u00ed otra apariencia. Transformado por la guerra, es todo el territorio del pa\u00eds el que encarna los gritos de la Naci\u00f3n.<\/p><p>Una tierra que se vuelve carne, memoria y resistencia, record\u00e1ndonos que cada herida infligida al pa\u00eds es un ataque contra el alma de su pueblo. Un alma que, aun herida, resonar\u00e1 por siempre.<\/p><p>Deseamos expresar nuestro agradecimiento a la Embajada de Espa\u00f1a en Ucrania y al Ministerio de Protecci\u00f3n del Medio Ambiente y Recursos Naturales de Ucrania por brindar su apoyo para la realizaci\u00f3n de este proyecto.<\/p>\t\t\t\t\t\t\t\t<\/div>\n\t\t\t\t<\/div>\n\t\t\t\t<div class=\"elementor-element elementor-element-0cf5b5b elementor-widget-divider--view-line elementor-widget elementor-widget-divider\" data-id=\"0cf5b5b\" data-element_type=\"widget\" data-e-type=\"widget\" data-widget_type=\"divider.default\">\n\t\t\t\t<div class=\"elementor-widget-container\">\n\t\t\t\t\t\t\t<div class=\"elementor-divider\">\n\t\t\t<span class=\"elementor-divider-separator\">\n\t\t\t\t\t\t<\/span>\n\t\t<\/div>\n\t\t\t\t\t\t<\/div>\n\t\t\t\t<\/div>\n\t\t\t\t<div class=\"elementor-element elementor-element-6c733c8 elementor-widget elementor-widget-text-editor\" data-id=\"6c733c8\" data-element_type=\"widget\" data-e-type=\"widget\" data-widget_type=\"text-editor.default\">\n\t\t\t\t<div class=\"elementor-widget-container\">\n\t\t\t\t\t\t\t\t\t<p><em>Esta exposici\u00f3n ha sido posible gracias a la iniciativa y al firme apoyo del Ministerio de Asuntos<br>Exteriores, Uni\u00f3n Europea y Cooperaci\u00f3n de Espa\u00f1a, la AECID (Agencia Espa\u00f1ola de Cooperaci\u00f3n<br>Internacional para el Desarrollo), y la Embajada de Espa\u00f1a en Ucrania.<\/em><\/p><p><em>El proyecto es fruto del trabajo creativo del fot\u00f3grafo Daniel Beltra, cuya mirada comprometida<br>capta la profundidad de las cicatrices medioambientales dejadas por la guerra, en estrecha<br>colaboraci\u00f3n con Igor Ouvaroff, responsable de la direcci\u00f3n art\u00edstica, la curadur\u00eda y la escenograf\u00eda.<\/em><\/p>\t\t\t\t\t\t\t\t<\/div>\n\t\t\t\t<\/div>\n\t\t\t\t<div class=\"elementor-element elementor-element-414da03 elementor-widget-divider--view-line elementor-widget elementor-widget-divider\" data-id=\"414da03\" data-element_type=\"widget\" data-e-type=\"widget\" data-widget_type=\"divider.default\">\n\t\t\t\t<div class=\"elementor-widget-container\">\n\t\t\t\t\t\t\t<div class=\"elementor-divider\">\n\t\t\t<span class=\"elementor-divider-separator\">\n\t\t\t\t\t\t<\/span>\n\t\t<\/div>\n\t\t\t\t\t\t<\/div>\n\t\t\t\t<\/div>\n\t\t\t\t<div class=\"elementor-element elementor-element-2d3f079 elementor-widget elementor-widget-image\" data-id=\"2d3f079\" data-element_type=\"widget\" data-e-type=\"widget\" data-widget_type=\"image.default\">\n\t\t\t\t<div class=\"elementor-widget-container\">\n\t\t\t\t\t\t\t\t\t\t\t\t\t\t\t<img fetchpriority=\"high\" decoding=\"async\" width=\"1400\" height=\"959\" src=\"https:\/\/cicatricesdeucrania.com\/wp-content\/uploads\/2025\/06\/Carte_Exposition_Daniel_Beltra_Site_EN.png\" class=\"attachment-full size-full wp-image-735\" alt=\"\" srcset=\"https:\/\/cicatricesdeucrania.com\/wp-content\/uploads\/2025\/06\/Carte_Exposition_Daniel_Beltra_Site_EN.png 1400w, https:\/\/cicatricesdeucrania.com\/wp-content\/uploads\/2025\/06\/Carte_Exposition_Daniel_Beltra_Site_EN-300x206.png 300w, https:\/\/cicatricesdeucrania.com\/wp-content\/uploads\/2025\/06\/Carte_Exposition_Daniel_Beltra_Site_EN-1024x701.png 1024w, https:\/\/cicatricesdeucrania.com\/wp-content\/uploads\/2025\/06\/Carte_Exposition_Daniel_Beltra_Site_EN-768x526.png 768w\" sizes=\"(max-width: 1400px) 100vw, 1400px\" \/>\t\t\t\t\t\t\t\t\t\t\t\t\t\t\t<\/div>\n\t\t\t\t<\/div>\n\t\t\t\t<div class=\"elementor-element elementor-element-404b10c elementor-align-justify elementor-widget elementor-widget-button\" data-id=\"404b10c\" data-element_type=\"widget\" data-e-type=\"widget\" data-widget_type=\"button.default\">\n\t\t\t\t<div class=\"elementor-widget-container\">\n\t\t\t\t\t\t\t\t\t<div class=\"elementor-button-wrapper\">\n\t\t\t\t\t<a class=\"elementor-button elementor-button-link elementor-size-sm\" href=\"https:\/\/cicatricesdeucrania.com\/es\/presentation\/\">\n\t\t\t\t\t\t<span class=\"elementor-button-content-wrapper\">\n\t\t\t\t\t\t\t\t\t<span class=\"elementor-button-text\">ATR\u00c1S <\/span>\n\t\t\t\t\t<\/span>\n\t\t\t\t\t<\/a>\n\t\t\t\t<\/div>\n\t\t\t\t\t\t\t\t<\/div>\n\t\t\t\t<\/div>\n\t\t\t\t\t<\/div>\n\t\t\t\t<\/div>\n\t\t\t\t<\/div>\n\t\t","protected":false},"excerpt":{"rendered":"<p>CICATRICES DE UCRANIA La guerra envenena tanto la realidad f\u00edsica como las representaciones simb\u00f3licas del espacio, no dejando tras de [&hellip;]<\/p>\n","protected":false},"author":1,"featured_media":0,"parent":0,"menu_order":0,"comment_status":"closed","ping_status":"closed","template":"","meta":{"site-sidebar-layout":"no-sidebar","site-content-layout":"","ast-site-content-layout":"full-width-container","site-content-style":"default","site-sidebar-style":"default","ast-global-header-display":"","ast-banner-title-visibility":"","ast-main-header-display":"","ast-hfb-above-header-display":"","ast-hfb-below-header-display":"","ast-hfb-mobile-header-display":"","site-post-title":"disabled","ast-breadcrumbs-content":"","ast-featured-img":"disabled","footer-sml-layout":"","ast-disable-related-posts":"","theme-transparent-header-meta":"default","adv-header-id-meta":"","stick-header-meta":"","header-above-stick-meta":"","header-main-stick-meta":"","header-below-stick-meta":"","astra-migrate-meta-layouts":"default","ast-page-background-enabled":"default","ast-page-background-meta":{"desktop":{"background-color":"var(--ast-global-color-5)","background-image":"","background-repeat":"repeat","background-position":"center center","background-size":"auto","background-attachment":"scroll","background-type":"","background-media":"","overlay-type":"","overlay-color":"","overlay-opacity":"","overlay-gradient":""},"tablet":{"background-color":"","background-image":"","background-repeat":"repeat","background-position":"center center","background-size":"auto","background-attachment":"scroll","background-type":"","background-media":"","overlay-type":"","overlay-color":"","overlay-opacity":"","overlay-gradient":""},"mobile":{"background-color":"","background-image":"","background-repeat":"repeat","background-position":"center center","background-size":"auto","background-attachment":"scroll","background-type":"","background-media":"","overlay-type":"","overlay-color":"","overlay-opacity":"","overlay-gradient":""}},"ast-content-background-meta":{"desktop":{"background-color":"var(--ast-global-color-4)","background-image":"","background-repeat":"repeat","background-position":"center center","background-size":"auto","background-attachment":"scroll","background-type":"","background-media":"","overlay-type":"","overlay-color":"","overlay-opacity":"","overlay-gradient":""},"tablet":{"background-color":"var(--ast-global-color-4)","background-image":"","background-repeat":"repeat","background-position":"center center","background-size":"auto","background-attachment":"scroll","background-type":"","background-media":"","overlay-type":"","overlay-color":"","overlay-opacity":"","overlay-gradient":""},"mobile":{"background-color":"var(--ast-global-color-4)","background-image":"","background-repeat":"repeat","background-position":"center center","background-size":"auto","background-attachment":"scroll","background-type":"","background-media":"","overlay-type":"","overlay-color":"","overlay-opacity":"","overlay-gradient":""}},"footnotes":""},"class_list":["post-745","page","type-page","status-publish","hentry"],"_links":{"self":[{"href":"https:\/\/cicatricesdeucrania.com\/es\/wp-json\/wp\/v2\/pages\/745","targetHints":{"allow":["GET"]}}],"collection":[{"href":"https:\/\/cicatricesdeucrania.com\/es\/wp-json\/wp\/v2\/pages"}],"about":[{"href":"https:\/\/cicatricesdeucrania.com\/es\/wp-json\/wp\/v2\/types\/page"}],"author":[{"embeddable":true,"href":"https:\/\/cicatricesdeucrania.com\/es\/wp-json\/wp\/v2\/users\/1"}],"replies":[{"embeddable":true,"href":"https:\/\/cicatricesdeucrania.com\/es\/wp-json\/wp\/v2\/comments?post=745"}],"version-history":[{"count":6,"href":"https:\/\/cicatricesdeucrania.com\/es\/wp-json\/wp\/v2\/pages\/745\/revisions"}],"predecessor-version":[{"id":772,"href":"https:\/\/cicatricesdeucrania.com\/es\/wp-json\/wp\/v2\/pages\/745\/revisions\/772"}],"wp:attachment":[{"href":"https:\/\/cicatricesdeucrania.com\/es\/wp-json\/wp\/v2\/media?parent=745"}],"curies":[{"name":"wp","href":"https:\/\/api.w.org\/{rel}","templated":true}]}}