{"id":741,"date":"2025-06-12T08:00:38","date_gmt":"2025-06-12T08:00:38","guid":{"rendered":"https:\/\/cicatricesdeucrania.com\/biografia\/"},"modified":"2025-06-18T14:29:05","modified_gmt":"2025-06-18T14:29:05","slug":"biografia","status":"publish","type":"page","link":"https:\/\/cicatricesdeucrania.com\/es\/biografia\/","title":{"rendered":"Biograf\u00eda"},"content":{"rendered":"\t\t<div data-elementor-type=\"wp-page\" data-elementor-id=\"741\" class=\"elementor elementor-741 elementor-550\" data-elementor-post-type=\"page\">\n\t\t\t\t<div class=\"elementor-element elementor-element-096e970 e-flex e-con-boxed e-con e-parent\" data-id=\"096e970\" data-element_type=\"container\" data-e-type=\"container\">\n\t\t\t\t\t<div class=\"e-con-inner\">\n\t\t<div class=\"elementor-element elementor-element-68efe52 e-con-full e-flex e-con e-child\" data-id=\"68efe52\" data-element_type=\"container\" data-e-type=\"container\">\n\t\t\t\t<div class=\"elementor-element elementor-element-e0b7178 elementor-widget elementor-widget-heading\" data-id=\"e0b7178\" data-element_type=\"widget\" data-e-type=\"widget\" data-widget_type=\"heading.default\">\n\t\t\t\t<div class=\"elementor-widget-container\">\n\t\t\t\t\t<h2 class=\"elementor-heading-title elementor-size-default\">DANIEL BELTR\u00c1<\/h2>\t\t\t\t<\/div>\n\t\t\t\t<\/div>\n\t\t\t\t<div class=\"elementor-element elementor-element-21c1e2b elementor-widget-divider--view-line elementor-widget elementor-widget-divider\" data-id=\"21c1e2b\" data-element_type=\"widget\" data-e-type=\"widget\" data-widget_type=\"divider.default\">\n\t\t\t\t<div class=\"elementor-widget-container\">\n\t\t\t\t\t\t\t<div class=\"elementor-divider\">\n\t\t\t<span class=\"elementor-divider-separator\">\n\t\t\t\t\t\t<\/span>\n\t\t<\/div>\n\t\t\t\t\t\t<\/div>\n\t\t\t\t<\/div>\n\t\t\t\t<div class=\"elementor-element elementor-element-b45c968 elementor-widget elementor-widget-image\" data-id=\"b45c968\" data-element_type=\"widget\" data-e-type=\"widget\" data-widget_type=\"image.default\">\n\t\t\t\t<div class=\"elementor-widget-container\">\n\t\t\t\t\t\t\t\t\t\t\t\t\t\t\t<img fetchpriority=\"high\" decoding=\"async\" width=\"795\" height=\"1232\" src=\"https:\/\/cicatricesdeucrania.com\/wp-content\/uploads\/2025\/06\/Biography_Daniel_Beltra.jpg\" class=\"attachment-full size-full wp-image-731\" alt=\"\" srcset=\"https:\/\/cicatricesdeucrania.com\/wp-content\/uploads\/2025\/06\/Biography_Daniel_Beltra.jpg 795w, https:\/\/cicatricesdeucrania.com\/wp-content\/uploads\/2025\/06\/Biography_Daniel_Beltra-194x300.jpg 194w, https:\/\/cicatricesdeucrania.com\/wp-content\/uploads\/2025\/06\/Biography_Daniel_Beltra-661x1024.jpg 661w, https:\/\/cicatricesdeucrania.com\/wp-content\/uploads\/2025\/06\/Biography_Daniel_Beltra-768x1190.jpg 768w\" sizes=\"(max-width: 795px) 100vw, 795px\" \/>\t\t\t\t\t\t\t\t\t\t\t\t\t\t\t<\/div>\n\t\t\t\t<\/div>\n\t\t\t\t<div class=\"elementor-element elementor-element-461a1e4 elementor-widget elementor-widget-text-editor\" data-id=\"461a1e4\" data-element_type=\"widget\" data-e-type=\"widget\" data-widget_type=\"text-editor.default\">\n\t\t\t\t<div class=\"elementor-widget-container\">\n\t\t\t\t\t\t\t\t\t<p>Nacido en Madrid, Espa\u00f1a, Daniel Beltr\u00e1 es un fot\u00f3grafo radicado en Seattle, Washington. Su pasi\u00f3n por la conservaci\u00f3n es evidente en im\u00e1genes de nuestro entorno que resultan evocadoramente conmovedoras. Las fotograf\u00edas m\u00e1s impactantes de Beltr\u00e1 son im\u00e1genes tomadas desde el aire. Esta perspectiva ofrece al espectador un contexto m\u00e1s amplio de la belleza y destrucci\u00f3n que presencia, adem\u00e1s de revelar un sensible sentido de la escala.<\/p><p>Durante las \u00faltimas dos d\u00e9cadas, el trabajo de Beltr\u00e1 lo ha llevado a los siete continentes, incluyendo varias expediciones al Amazonas, el Sudeste Asi\u00e1tico, el Congo, el \u00c1rtico, la Ant\u00e1rtida, Groenlandia, los Oc\u00e9anos del Sur y los campos de hielo de la Patagonia. Por su trabajo sobre la marea negra en el Golfo, en 2011 recibi\u00f3 el Premio Wildlife Photographer of the Year y el Premio Lucie al Fot\u00f3grafo Internacional del A\u00f1o &#8211; Perspectiva M\u00e1s Profunda. Sus fotograf\u00edas SPILL recorrieron el mundo de manera independiente y como parte de las exposiciones Prix Pictet.<\/p><p>En 2009, Beltr\u00e1 recibi\u00f3 el prestigioso Premio del Proyecto Rainforest del Pr\u00edncipe Carlos. Otros momentos destacados incluyen el premio de la Fundaci\u00f3n BBVA en 2013 y el inaugural \u00abPremio de Visi\u00f3n Global\u00bb de Pictures of the Year International, en 2008. En 2006, 2007 y 2018 recibi\u00f3 premios por su trabajo en el Amazonas de World Press Photo. El trabajo de Daniel ha sido presentado por las publicaciones internacionales m\u00e1s prominentes y exhibido por museos y galer\u00edas de arte en todo el mundo. Daniel Beltr\u00e1 is a fellow of the prestigious International League of Conservation Photographers. <\/p>\t\t\t\t\t\t\t\t<\/div>\n\t\t\t\t<\/div>\n\t\t\t\t<div class=\"elementor-element elementor-element-c0dcd77 elementor-align-justify elementor-widget elementor-widget-button\" data-id=\"c0dcd77\" data-element_type=\"widget\" data-e-type=\"widget\" data-widget_type=\"button.default\">\n\t\t\t\t<div class=\"elementor-widget-container\">\n\t\t\t\t\t\t\t\t\t<div class=\"elementor-button-wrapper\">\n\t\t\t\t\t<a class=\"elementor-button elementor-button-link elementor-size-sm\" href=\"https:\/\/cicatricesdeucrania.com\/es\/presentation\/\">\n\t\t\t\t\t\t<span class=\"elementor-button-content-wrapper\">\n\t\t\t\t\t\t\t\t\t<span class=\"elementor-button-text\">ATR\u00c1S <\/span>\n\t\t\t\t\t<\/span>\n\t\t\t\t\t<\/a>\n\t\t\t\t<\/div>\n\t\t\t\t\t\t\t\t<\/div>\n\t\t\t\t<\/div>\n\t\t\t\t<\/div>\n\t\t\t\t\t<\/div>\n\t\t\t\t<\/div>\n\t\t\t\t<\/div>\n\t\t","protected":false},"excerpt":{"rendered":"<p>DANIEL BELTR\u00c1 Nacido en Madrid, Espa\u00f1a, Daniel Beltr\u00e1 es un fot\u00f3grafo radicado en Seattle, Washington. Su pasi\u00f3n por la conservaci\u00f3n [&hellip;]<\/p>\n","protected":false},"author":1,"featured_media":0,"parent":0,"menu_order":0,"comment_status":"closed","ping_status":"closed","template":"","meta":{"site-sidebar-layout":"no-sidebar","site-content-layout":"","ast-site-content-layout":"full-width-container","site-content-style":"default","site-sidebar-style":"default","ast-global-header-display":"","ast-banner-title-visibility":"","ast-main-header-display":"","ast-hfb-above-header-display":"","ast-hfb-below-header-display":"","ast-hfb-mobile-header-display":"","site-post-title":"disabled","ast-breadcrumbs-content":"","ast-featured-img":"disabled","footer-sml-layout":"","ast-disable-related-posts":"","theme-transparent-header-meta":"default","adv-header-id-meta":"","stick-header-meta":"","header-above-stick-meta":"","header-main-stick-meta":"","header-below-stick-meta":"","astra-migrate-meta-layouts":"default","ast-page-background-enabled":"default","ast-page-background-meta":{"desktop":{"background-color":"var(--ast-global-color-5)","background-image":"","background-repeat":"repeat","background-position":"center center","background-size":"auto","background-attachment":"scroll","background-type":"","background-media":"","overlay-type":"","overlay-color":"","overlay-opacity":"","overlay-gradient":""},"tablet":{"background-color":"","background-image":"","background-repeat":"repeat","background-position":"center center","background-size":"auto","background-attachment":"scroll","background-type":"","background-media":"","overlay-type":"","overlay-color":"","overlay-opacity":"","overlay-gradient":""},"mobile":{"background-color":"","background-image":"","background-repeat":"repeat","background-position":"center center","background-size":"auto","background-attachment":"scroll","background-type":"","background-media":"","overlay-type":"","overlay-color":"","overlay-opacity":"","overlay-gradient":""}},"ast-content-background-meta":{"desktop":{"background-color":"var(--ast-global-color-4)","background-image":"","background-repeat":"repeat","background-position":"center center","background-size":"auto","background-attachment":"scroll","background-type":"","background-media":"","overlay-type":"","overlay-color":"","overlay-opacity":"","overlay-gradient":""},"tablet":{"background-color":"var(--ast-global-color-4)","background-image":"","background-repeat":"repeat","background-position":"center center","background-size":"auto","background-attachment":"scroll","background-type":"","background-media":"","overlay-type":"","overlay-color":"","overlay-opacity":"","overlay-gradient":""},"mobile":{"background-color":"var(--ast-global-color-4)","background-image":"","background-repeat":"repeat","background-position":"center center","background-size":"auto","background-attachment":"scroll","background-type":"","background-media":"","overlay-type":"","overlay-color":"","overlay-opacity":"","overlay-gradient":""}},"footnotes":""},"class_list":["post-741","page","type-page","status-publish","hentry"],"_links":{"self":[{"href":"https:\/\/cicatricesdeucrania.com\/es\/wp-json\/wp\/v2\/pages\/741","targetHints":{"allow":["GET"]}}],"collection":[{"href":"https:\/\/cicatricesdeucrania.com\/es\/wp-json\/wp\/v2\/pages"}],"about":[{"href":"https:\/\/cicatricesdeucrania.com\/es\/wp-json\/wp\/v2\/types\/page"}],"author":[{"embeddable":true,"href":"https:\/\/cicatricesdeucrania.com\/es\/wp-json\/wp\/v2\/users\/1"}],"replies":[{"embeddable":true,"href":"https:\/\/cicatricesdeucrania.com\/es\/wp-json\/wp\/v2\/comments?post=741"}],"version-history":[{"count":6,"href":"https:\/\/cicatricesdeucrania.com\/es\/wp-json\/wp\/v2\/pages\/741\/revisions"}],"predecessor-version":[{"id":769,"href":"https:\/\/cicatricesdeucrania.com\/es\/wp-json\/wp\/v2\/pages\/741\/revisions\/769"}],"wp:attachment":[{"href":"https:\/\/cicatricesdeucrania.com\/es\/wp-json\/wp\/v2\/media?parent=741"}],"curies":[{"name":"wp","href":"https:\/\/api.w.org\/{rel}","templated":true}]}}